{"id":205,"date":"2018-09-20T09:53:41","date_gmt":"2018-09-20T07:53:41","guid":{"rendered":"http:\/\/laura.cm8.ifocop.bulle.me\/?page_id=205"},"modified":"2022-02-13T16:26:11","modified_gmt":"2022-02-13T15:26:11","slug":"yves-benezet","status":"publish","type":"page","link":"https:\/\/www.stretching-qi-gong-tournefeuille.fr\/index.php\/yves-benezet\/","title":{"rendered":"Yves Benezet"},"content":{"rendered":"<p><img loading=\"lazy\" decoding=\"async\" class=\"wp-image-1214 aligncenter\" src=\"http:\/\/stretchien.cluster021.hosting.ovh.net\/wp-content\/uploads\/2021\/03\/DSC00227.jpg\" alt=\"\" width=\"242\" height=\"323\" \/><\/p>\n<p style=\"text-align: justify;\">Yves a un parcours riche et vari\u00e9 dans les domaines sportif, expression corporelle.<\/p>\n<p style=\"text-align: justify;\">Nous retiendrons qu\u2019il s\u2019est form\u00e9 en Stretching Postural en 1989 par l\u2019\u00e9cole SPEFM, en 1992 en Sophrologie Sportive par Christian Ramos \u00c9cole de la Performance, puis en 1999 au Qi-gong par Maitre Jian, Directeur de l\u2019\u00e9cole Quim\u00e9tao et en 2011 par les Temps du Corps, \u00e9cole de Maitre Ke Wen.<\/p>\n<p style=\"text-align: justify;\">Depuis 2007, il s\u2019est consacr\u00e9 exclusivement au stretching postural\u00ae ainsi qu\u2019au Qi-gong, la pratique de ces deux techniques favorisant un travail corporel en profondeur qui sollicite la fibre musculaire, nerveuse et \u00e9nerg\u00e9tique.<\/p>\n<p style=\"text-align: justify;\">Cette approche diff\u00e9rente nous permet de vivre pleinement notre corporalit\u00e9, ou le corps souffrance fera place au corps plaisir. Chacun pourra trouver et puiser \u00e0 l\u2019int\u00e9rieur de ce contenu immense, la direction et l\u2019implication qu\u2019il souhaite lui donner.<\/p>\n","protected":false},"excerpt":{"rendered":"<p>Yves a un parcours riche et vari\u00e9 dans les domaines sportif, expression corporelle. Nous retiendrons qu\u2019il s\u2019est form\u00e9 en Stretching Postural en 1989 par l\u2019\u00e9cole SPEFM, en 1992 en Sophrologie Sportive par Christian Ramos \u00c9cole de la Performance, puis en 1999 au Qi-gong par Maitre Jian, Directeur de l\u2019\u00e9cole Quim\u00e9tao et en 2011 par les [&hellip;]<\/p>\n","protected":false},"author":1,"featured_media":0,"parent":0,"menu_order":0,"comment_status":"closed","ping_status":"closed","template":"","meta":{"site-sidebar-layout":"default","site-content-layout":"default","ast-site-content-layout":"default","site-content-style":"default","site-sidebar-style":"default","ast-global-header-display":"","ast-banner-title-visibility":"","ast-main-header-display":"","ast-hfb-above-header-display":"","ast-hfb-below-header-display":"","ast-hfb-mobile-header-display":"","site-post-title":"","ast-breadcrumbs-content":"","ast-featured-img":"","footer-sml-layout":"","ast-disable-related-posts":"","theme-transparent-header-meta":"","adv-header-id-meta":"","stick-header-meta":"","header-above-stick-meta":"","header-main-stick-meta":"","header-below-stick-meta":"","astra-migrate-meta-layouts":"default","ast-page-background-enabled":"default","ast-page-background-meta":{"desktop":{"background-color":"","background-image":"","background-repeat":"repeat","background-position":"center center","background-size":"auto","background-attachment":"scroll","background-type":"","background-media":"","overlay-type":"","overlay-color":"","overlay-opacity":"","overlay-gradient":""},"tablet":{"background-color":"","background-image":"","background-repeat":"repeat","background-position":"center center","background-size":"auto","background-attachment":"scroll","background-type":"","background-media":"","overlay-type":"","overlay-color":"","overlay-opacity":"","overlay-gradient":""},"mobile":{"background-color":"","background-image":"","background-repeat":"repeat","background-position":"center center","background-size":"auto","background-attachment":"scroll","background-type":"","background-media":"","overlay-type":"","overlay-color":"","overlay-opacity":"","overlay-gradient":""}},"ast-content-background-meta":{"desktop":{"background-color":"var(--ast-global-color-5)","background-image":"","background-repeat":"repeat","background-position":"center center","background-size":"auto","background-attachment":"scroll","background-type":"","background-media":"","overlay-type":"","overlay-color":"","overlay-opacity":"","overlay-gradient":""},"tablet":{"background-color":"var(--ast-global-color-5)","background-image":"","background-repeat":"repeat","background-position":"center center","background-size":"auto","background-attachment":"scroll","background-type":"","background-media":"","overlay-type":"","overlay-color":"","overlay-opacity":"","overlay-gradient":""},"mobile":{"background-color":"var(--ast-global-color-5)","background-image":"","background-repeat":"repeat","background-position":"center center","background-size":"auto","background-attachment":"scroll","background-type":"","background-media":"","overlay-type":"","overlay-color":"","overlay-opacity":"","overlay-gradient":""}},"footnotes":""},"class_list":["post-205","page","type-page","status-publish","hentry"],"_links":{"self":[{"href":"https:\/\/www.stretching-qi-gong-tournefeuille.fr\/index.php\/wp-json\/wp\/v2\/pages\/205","targetHints":{"allow":["GET"]}}],"collection":[{"href":"https:\/\/www.stretching-qi-gong-tournefeuille.fr\/index.php\/wp-json\/wp\/v2\/pages"}],"about":[{"href":"https:\/\/www.stretching-qi-gong-tournefeuille.fr\/index.php\/wp-json\/wp\/v2\/types\/page"}],"author":[{"embeddable":true,"href":"https:\/\/www.stretching-qi-gong-tournefeuille.fr\/index.php\/wp-json\/wp\/v2\/users\/1"}],"replies":[{"embeddable":true,"href":"https:\/\/www.stretching-qi-gong-tournefeuille.fr\/index.php\/wp-json\/wp\/v2\/comments?post=205"}],"version-history":[{"count":0,"href":"https:\/\/www.stretching-qi-gong-tournefeuille.fr\/index.php\/wp-json\/wp\/v2\/pages\/205\/revisions"}],"wp:attachment":[{"href":"https:\/\/www.stretching-qi-gong-tournefeuille.fr\/index.php\/wp-json\/wp\/v2\/media?parent=205"}],"curies":[{"name":"wp","href":"https:\/\/api.w.org\/{rel}","templated":true}]}}