{"id":211,"date":"2018-09-20T09:55:49","date_gmt":"2018-09-20T07:55:49","guid":{"rendered":"http:\/\/laura.cm8.ifocop.bulle.me\/?page_id=211"},"modified":"2025-05-28T13:34:29","modified_gmt":"2025-05-28T11:34:29","slug":"horaires_des_cours","status":"publish","type":"page","link":"https:\/\/www.stretching-qi-gong-tournefeuille.fr\/index.php\/horaires_des_cours\/","title":{"rendered":"Horaires des cours 2025\/2026"},"content":{"rendered":"<p><img loading=\"lazy\" decoding=\"async\" class=\"wp-image-3285 aligncenter\" src=\"https:\/\/www.stretching-qi-gong-tournefeuille.fr\/wp-content\/uploads\/2025\/05\/Horaires-2025-2026-1-300x210.png\" alt=\"\" width=\"954\" height=\"668\" srcset=\"https:\/\/www.stretching-qi-gong-tournefeuille.fr\/wp-content\/uploads\/2025\/05\/Horaires-2025-2026-1-300x210.png 300w, https:\/\/www.stretching-qi-gong-tournefeuille.fr\/wp-content\/uploads\/2025\/05\/Horaires-2025-2026-1-1024x718.png 1024w, https:\/\/www.stretching-qi-gong-tournefeuille.fr\/wp-content\/uploads\/2025\/05\/Horaires-2025-2026-1-768x539.png 768w, https:\/\/www.stretching-qi-gong-tournefeuille.fr\/wp-content\/uploads\/2025\/05\/Horaires-2025-2026-1.png 1045w\" sizes=\"auto, (max-width: 954px) 100vw, 954px\" \/><\/p>\n<p>&nbsp;<\/p>\n<p>&nbsp;<\/p>\n<p><strong><span style=\"color: #000000;\">Lieu des cours<\/span> <\/strong>: Gymnase Jean Baptiste Gay (1er \u00e9tage) \u2013 Rue de Provence \u00e0 Tournefeuille 31170<br \/>\nEn cas de fermeture de la salle ind\u00e9pendante de notre volont\u00e9 des cours sont dispens\u00e9s par visio<\/p>\n<h6>Site internet : <a href=\"http:\/\/https\/\/www.stretching-qi-gong-tournefeuille.fr\">https\/\/www.stretching-qi-gong-tournefeuille.fr<\/a><\/h6>\n<p><strong>E-mail <\/strong>: <a href=\"mailto:stretching.postures.energie31@gmail.com\">stretching.postures.energie31@gmail.com<\/a><\/p>\n","protected":false},"excerpt":{"rendered":"<p>&nbsp; &nbsp; Lieu des cours : Gymnase Jean Baptiste Gay (1er \u00e9tage) \u2013 Rue de Provence \u00e0 Tournefeuille 31170 En cas de fermeture de la salle ind\u00e9pendante de notre volont\u00e9 des cours sont dispens\u00e9s par visio Site internet : https\/\/www.stretching-qi-gong-tournefeuille.fr E-mail : stretching.postures.energie31@gmail.com<\/p>\n","protected":false},"author":1,"featured_media":0,"parent":0,"menu_order":0,"comment_status":"closed","ping_status":"closed","template":"","meta":{"site-sidebar-layout":"default","site-content-layout":"default","ast-site-content-layout":"default","site-content-style":"default","site-sidebar-style":"default","ast-global-header-display":"","ast-banner-title-visibility":"","ast-main-header-display":"","ast-hfb-above-header-display":"","ast-hfb-below-header-display":"","ast-hfb-mobile-header-display":"","site-post-title":"","ast-breadcrumbs-content":"","ast-featured-img":"","footer-sml-layout":"","ast-disable-related-posts":"","theme-transparent-header-meta":"default","adv-header-id-meta":"","stick-header-meta":"","header-above-stick-meta":"","header-main-stick-meta":"","header-below-stick-meta":"","astra-migrate-meta-layouts":"set","ast-page-background-enabled":"default","ast-page-background-meta":{"desktop":{"background-color":"","background-image":"","background-repeat":"repeat","background-position":"center center","background-size":"auto","background-attachment":"scroll","background-type":"","background-media":"","overlay-type":"","overlay-color":"","overlay-opacity":"","overlay-gradient":""},"tablet":{"background-color":"","background-image":"","background-repeat":"repeat","background-position":"center center","background-size":"auto","background-attachment":"scroll","background-type":"","background-media":"","overlay-type":"","overlay-color":"","overlay-opacity":"","overlay-gradient":""},"mobile":{"background-color":"","background-image":"","background-repeat":"repeat","background-position":"center center","background-size":"auto","background-attachment":"scroll","background-type":"","background-media":"","overlay-type":"","overlay-color":"","overlay-opacity":"","overlay-gradient":""}},"ast-content-background-meta":{"desktop":{"background-color":"var(--ast-global-color-5)","background-image":"","background-repeat":"repeat","background-position":"center center","background-size":"auto","background-attachment":"scroll","background-type":"","background-media":"","overlay-type":"","overlay-color":"","overlay-opacity":"","overlay-gradient":""},"tablet":{"background-color":"var(--ast-global-color-5)","background-image":"","background-repeat":"repeat","background-position":"center center","background-size":"auto","background-attachment":"scroll","background-type":"","background-media":"","overlay-type":"","overlay-color":"","overlay-opacity":"","overlay-gradient":""},"mobile":{"background-color":"var(--ast-global-color-5)","background-image":"","background-repeat":"repeat","background-position":"center center","background-size":"auto","background-attachment":"scroll","background-type":"","background-media":"","overlay-type":"","overlay-color":"","overlay-opacity":"","overlay-gradient":""}},"footnotes":""},"class_list":["post-211","page","type-page","status-publish","hentry"],"_links":{"self":[{"href":"https:\/\/www.stretching-qi-gong-tournefeuille.fr\/index.php\/wp-json\/wp\/v2\/pages\/211","targetHints":{"allow":["GET"]}}],"collection":[{"href":"https:\/\/www.stretching-qi-gong-tournefeuille.fr\/index.php\/wp-json\/wp\/v2\/pages"}],"about":[{"href":"https:\/\/www.stretching-qi-gong-tournefeuille.fr\/index.php\/wp-json\/wp\/v2\/types\/page"}],"author":[{"embeddable":true,"href":"https:\/\/www.stretching-qi-gong-tournefeuille.fr\/index.php\/wp-json\/wp\/v2\/users\/1"}],"replies":[{"embeddable":true,"href":"https:\/\/www.stretching-qi-gong-tournefeuille.fr\/index.php\/wp-json\/wp\/v2\/comments?post=211"}],"version-history":[{"count":0,"href":"https:\/\/www.stretching-qi-gong-tournefeuille.fr\/index.php\/wp-json\/wp\/v2\/pages\/211\/revisions"}],"wp:attachment":[{"href":"https:\/\/www.stretching-qi-gong-tournefeuille.fr\/index.php\/wp-json\/wp\/v2\/media?parent=211"}],"curies":[{"name":"wp","href":"https:\/\/api.w.org\/{rel}","templated":true}]}}