{"id":217,"date":"2018-09-20T09:58:12","date_gmt":"2018-09-20T07:58:12","guid":{"rendered":"http:\/\/laura.cm8.ifocop.bulle.me\/?page_id=217"},"modified":"2025-05-23T12:24:03","modified_gmt":"2025-05-23T10:24:03","slug":"inscription","status":"publish","type":"page","link":"https:\/\/www.stretching-qi-gong-tournefeuille.fr\/index.php\/inscription\/","title":{"rendered":"Inscription"},"content":{"rendered":"<p><span style=\"color: #000000;\">NB: Les inscriptions sont possibles toute l&rsquo;ann\u00e9e.<br \/>\n<\/span><\/p>\n<h5><\/h5>\n<h5><span style=\"color: #000000;\">Les tarifs 2025-2026 sont disponibles sur l&rsquo;onglet \u00ab\u00a0RENSEIGNEMENTS\u00a0\u00bb du site.<\/span><\/h5>\n<h4><span style=\"color: #000000;\">Un dossier d&rsquo;inscription\u00a0doit comprendre les pi\u00e8ces suivantes :<br \/>\n<\/span><\/h4>\n<ul>\n<li>\n<h4><span style=\"color: #800080;\">La fiche compl\u00e9t\u00e9e et le r\u00e8glement int\u00e9rieur sign\u00e9 (Imprimer si possible en recto\/verso)\u00a0<\/span><span style=\"color: #800080;\">:<br \/>\n<\/span><\/h4>\n<h4>T\u00e9l\u00e9charger en cliquant sur ce lien : <strong>&lt;<a href=\"https:\/\/www.stretching-qi-gong-tournefeuille.fr\/wp-content\/uploads\/2025\/05\/Projet_Fiche_inscription_2025_2026.pdf\" target=\"_blank\" rel=\"noopener\">Fiche d&rsquo;inscription 2025-2026&gt;<\/a><\/strong><\/h4>\n<\/li>\n<li>\n<h4><span style=\"color: #800080;\">Pour l\u2019application du tarif r\u00e9duit : l\u2019avis<b> de d\u00e9claration 2025 sur les revenus 2024,<\/b> ou pour les \u00e9tudiants une attestation de scolarit\u00e9\u00a0<\/span><span style=\"color: #800080;\"><br \/>\n<\/span><\/h4>\n<\/li>\n<li>\n<h4><span style=\"color: #800080;\">Le(s) ch\u00e8que(s) correspondant \u00e0 votre cotisation, \u00e0 l\u2019ordre de <em>SPE.<\/em><br \/>\n<\/span><\/h4>\n<\/li>\n<\/ul>\n<h4><span style=\"color: #000000;\"><strong>Le dossier d&rsquo;inscription complet<\/strong> doit \u00eatre d\u00e9pos\u00e9 \u00e0 la Maison des Associations , ou post\u00e9 \u00e0 l&rsquo;adresse postale \u00a0\u00bb<em>SPE , Maison des Associations, 31170 TOURNEFEUILLE\u00a0\u00bb<\/em>, ou donn\u00e9 aux professeurs.<\/span><\/h4>\n<h4><strong>L&rsquo; inscription donne droit \u00e0 l&rsquo;acc\u00e8s \u00e0 tous les cours sans limitation en nombre de pr\u00e9sences.<br \/>\n<\/strong><\/h4>\n","protected":false},"excerpt":{"rendered":"<p>NB: Les inscriptions sont possibles toute l&rsquo;ann\u00e9e. Les tarifs 2025-2026 sont disponibles sur l&rsquo;onglet \u00ab\u00a0RENSEIGNEMENTS\u00a0\u00bb du site. Un dossier d&rsquo;inscription\u00a0doit comprendre les pi\u00e8ces suivantes : La fiche compl\u00e9t\u00e9e et le r\u00e8glement int\u00e9rieur sign\u00e9 (Imprimer si possible en recto\/verso)\u00a0: T\u00e9l\u00e9charger en cliquant sur ce lien : &lt;Fiche d&rsquo;inscription 2025-2026&gt; Pour l\u2019application du tarif r\u00e9duit : l\u2019avis [&hellip;]<\/p>\n","protected":false},"author":1,"featured_media":0,"parent":0,"menu_order":0,"comment_status":"closed","ping_status":"closed","template":"","meta":{"site-sidebar-layout":"default","site-content-layout":"default","ast-site-content-layout":"default","site-content-style":"default","site-sidebar-style":"default","ast-global-header-display":"","ast-banner-title-visibility":"","ast-main-header-display":"","ast-hfb-above-header-display":"","ast-hfb-below-header-display":"","ast-hfb-mobile-header-display":"","site-post-title":"","ast-breadcrumbs-content":"","ast-featured-img":"","footer-sml-layout":"","ast-disable-related-posts":"","theme-transparent-header-meta":"default","adv-header-id-meta":"","stick-header-meta":"","header-above-stick-meta":"","header-main-stick-meta":"","header-below-stick-meta":"","astra-migrate-meta-layouts":"set","ast-page-background-enabled":"default","ast-page-background-meta":{"desktop":{"background-color":"","background-image":"","background-repeat":"repeat","background-position":"center center","background-size":"auto","background-attachment":"scroll","background-type":"","background-media":"","overlay-type":"","overlay-color":"","overlay-opacity":"","overlay-gradient":""},"tablet":{"background-color":"","background-image":"","background-repeat":"repeat","background-position":"center center","background-size":"auto","background-attachment":"scroll","background-type":"","background-media":"","overlay-type":"","overlay-color":"","overlay-opacity":"","overlay-gradient":""},"mobile":{"background-color":"","background-image":"","background-repeat":"repeat","background-position":"center center","background-size":"auto","background-attachment":"scroll","background-type":"","background-media":"","overlay-type":"","overlay-color":"","overlay-opacity":"","overlay-gradient":""}},"ast-content-background-meta":{"desktop":{"background-color":"var(--ast-global-color-5)","background-image":"","background-repeat":"repeat","background-position":"center center","background-size":"auto","background-attachment":"scroll","background-type":"","background-media":"","overlay-type":"","overlay-color":"","overlay-opacity":"","overlay-gradient":""},"tablet":{"background-color":"var(--ast-global-color-5)","background-image":"","background-repeat":"repeat","background-position":"center center","background-size":"auto","background-attachment":"scroll","background-type":"","background-media":"","overlay-type":"","overlay-color":"","overlay-opacity":"","overlay-gradient":""},"mobile":{"background-color":"var(--ast-global-color-5)","background-image":"","background-repeat":"repeat","background-position":"center center","background-size":"auto","background-attachment":"scroll","background-type":"","background-media":"","overlay-type":"","overlay-color":"","overlay-opacity":"","overlay-gradient":""}},"footnotes":""},"class_list":["post-217","page","type-page","status-publish","hentry"],"_links":{"self":[{"href":"https:\/\/www.stretching-qi-gong-tournefeuille.fr\/index.php\/wp-json\/wp\/v2\/pages\/217","targetHints":{"allow":["GET"]}}],"collection":[{"href":"https:\/\/www.stretching-qi-gong-tournefeuille.fr\/index.php\/wp-json\/wp\/v2\/pages"}],"about":[{"href":"https:\/\/www.stretching-qi-gong-tournefeuille.fr\/index.php\/wp-json\/wp\/v2\/types\/page"}],"author":[{"embeddable":true,"href":"https:\/\/www.stretching-qi-gong-tournefeuille.fr\/index.php\/wp-json\/wp\/v2\/users\/1"}],"replies":[{"embeddable":true,"href":"https:\/\/www.stretching-qi-gong-tournefeuille.fr\/index.php\/wp-json\/wp\/v2\/comments?post=217"}],"version-history":[{"count":0,"href":"https:\/\/www.stretching-qi-gong-tournefeuille.fr\/index.php\/wp-json\/wp\/v2\/pages\/217\/revisions"}],"wp:attachment":[{"href":"https:\/\/www.stretching-qi-gong-tournefeuille.fr\/index.php\/wp-json\/wp\/v2\/media?parent=217"}],"curies":[{"name":"wp","href":"https:\/\/api.w.org\/{rel}","templated":true}]}}