{"id":3425,"date":"2025-12-16T13:46:03","date_gmt":"2025-12-16T12:46:03","guid":{"rendered":"https:\/\/www.stretching-qi-gong-tournefeuille.fr\/?page_id=3425"},"modified":"2025-12-16T15:21:13","modified_gmt":"2025-12-16T14:21:13","slug":"comment-payer-votre-cotisation","status":"publish","type":"page","link":"https:\/\/www.stretching-qi-gong-tournefeuille.fr\/index.php\/comment-payer-votre-cotisation\/","title":{"rendered":"Comment payer votre cotisation"},"content":{"rendered":"<p>NB: La cotisation en cours d&rsquo;ann\u00e9e se fait au prorata des mois restant. Tout mois commenc\u00e9 sera compt\u00e9.<\/p>\n<h3>Divers mode de r\u00e8glement de la cotisation:<\/h3>\n<h4>1) Paiement en une fois:<\/h4>\n<h4>-Virement bancaire notre RIB :<\/h4>\n<h4>\u00a0 \u00a0 \u00a0FR76 <em>1027 8022 1900 0207 0430 131<\/em><\/h4>\n<h4>&#8211; Paiement en ligne (HelloAsso PayAsso), ou avec un ch\u00e8que.<\/h4>\n<p>&nbsp;<\/p>\n<h4>2) Paiement en\u00a0 deux fois:<\/h4>\n<h4>-Deux ch\u00e8ques: premier ch\u00e8que encaiss\u00e9 lors de l&rsquo; inscription le second le premier f\u00e9vier.<\/h4>\n<h4>-PayAsso les encaissements sont sur deux mois cons\u00e9cutifs. (par exemple encaissement le 5 sept et l&rsquo; autre le 5 oct.)<\/h4>\n<p>&nbsp;<\/p>\n<h4>3) Paiement en trois fois:<\/h4>\n<h4>&#8211; Favoriser HelloAsso. Echelonnement par trimestre le premier encaissement lors de l&rsquo; inscription puis le second le 1\u00b0 janvier et le troisi\u00e8me le 1\u00b0 avril.<\/h4>\n<h4>&#8211; PayAsso les encaissements sont sur trois mois cons\u00e9cutifs (par exemple encaissement le 15 sept puis le 15 oct et le 15 nov.)<\/h4>\n<h4>&#8211; Pas de ch\u00e8ques.<\/h4>\n<p>&nbsp;<\/p>\n<h4>4) Paiement en quatre fois:<\/h4>\n<h4>&#8211; Uniquement possible avec PayAsso: les encaissements sont sur quatre mois cons\u00e9cutifs ( inscription et premier paiement le 20 sep, puis le 20 oct, puis le 20 nov et enfin le dernier encaissement le 20 dec.)<\/h4>\n<p>&nbsp;<\/p>\n<h4>5) le paiement par Ch\u00e8ques-Vacance Connect. Les frais demand\u00e9 par ANCV font que nous vous demandons 5 euros en plus par tranche de 200 euros.<\/h4>\n<p>&nbsp;<\/p>\n<h4>6) le paiement en cours de saison au prorata temporis tout mois commenc\u00e9 sera compt\u00e9:<\/h4>\n<h4>&#8211; PayAsso paiement libre \u00e9chelonnement possible en 1,2,3 et 4 fois.<\/h4>\n<h4>&#8211; HelloAsso paiement libre en une fois.<\/h4>\n<h4>&#8211; Ch\u00e8que paiement en une fois.<\/h4>\n<p>&nbsp;<\/p>\n<p>&nbsp;<\/p>\n<h2 style=\"text-align: center;\"><em>Voici les liens pour les paiements en ligne<\/em><\/h2>\n<h2><\/h2>\n<h2>PayAsso:<\/h2>\n<h4><a href=\"https:\/\/www.payasso.fr\/associationspe\/boutique\">https:\/\/www.payasso.fr\/associationspe\/boutique<\/a><\/h4>\n<p>&nbsp;<\/p>\n<h4>Le QR: \u00a0 <img loading=\"lazy\" decoding=\"async\" class=\"alignnone size-medium wp-image-2774\" src=\"https:\/\/www.stretching-qi-gong-tournefeuille.fr\/wp-content\/uploads\/2024\/08\/QR_Code_adhesion_stretching_postures_energie_saison_2024_2025.PayAsso-300x300.png\" alt=\"\" width=\"300\" height=\"300\" srcset=\"https:\/\/www.stretching-qi-gong-tournefeuille.fr\/wp-content\/uploads\/2024\/08\/QR_Code_adhesion_stretching_postures_energie_saison_2024_2025.PayAsso-300x300.png 300w, https:\/\/www.stretching-qi-gong-tournefeuille.fr\/wp-content\/uploads\/2024\/08\/QR_Code_adhesion_stretching_postures_energie_saison_2024_2025.PayAsso-150x150.png 150w, https:\/\/www.stretching-qi-gong-tournefeuille.fr\/wp-content\/uploads\/2024\/08\/QR_Code_adhesion_stretching_postures_energie_saison_2024_2025.PayAsso.png 320w\" sizes=\"auto, (max-width: 300px) 100vw, 300px\" \/><\/h4>\n<p>&nbsp;<\/p>\n<h4>-Le paiement en cours de saison au prorata temporis avec PayAsso: la r\u00e8gle du prorata temporis s&rsquo; applique.Tout mois commenc\u00e9 sera compt\u00e9:<\/h4>\n<h4>(Cotisation saison \/ 10) x (mois restant dans la saison)<\/h4>\n<h4><a href=\"https:\/\/www.payasso.fr\/spe\/paiement-libre\">\u00a0https:\/\/www.payasso.fr\/spe\/paiement-libre<\/a><\/h4>\n<p>&nbsp;<\/p>\n<p>&nbsp;<\/p>\n<h4>Le QR:\u00a0 \u00a0<img loading=\"lazy\" decoding=\"async\" class=\"alignnone size-medium wp-image-3405\" src=\"https:\/\/www.stretching-qi-gong-tournefeuille.fr\/wp-content\/uploads\/2025\/12\/QR_Code_paiement_libre_cotisation_spe_en_cours_de_saison_en_1_2_3_ou_4_fois-300x300.png\" alt=\"\" width=\"300\" height=\"300\" srcset=\"https:\/\/www.stretching-qi-gong-tournefeuille.fr\/wp-content\/uploads\/2025\/12\/QR_Code_paiement_libre_cotisation_spe_en_cours_de_saison_en_1_2_3_ou_4_fois-300x300.png 300w, https:\/\/www.stretching-qi-gong-tournefeuille.fr\/wp-content\/uploads\/2025\/12\/QR_Code_paiement_libre_cotisation_spe_en_cours_de_saison_en_1_2_3_ou_4_fois-150x150.png 150w, https:\/\/www.stretching-qi-gong-tournefeuille.fr\/wp-content\/uploads\/2025\/12\/QR_Code_paiement_libre_cotisation_spe_en_cours_de_saison_en_1_2_3_ou_4_fois.png 320w\" sizes=\"auto, (max-width: 300px) 100vw, 300px\" \/><\/h4>\n<p>&nbsp;<\/p>\n<h2>HelloAsso:<\/h2>\n<h4><a href=\"https:\/\/www.helloasso.com\/associations\/stretching-postures-energie\/adhesions\/adhesion-spe-2025-2026\">https:\/\/www.helloasso.com\/associations\/stretching-postures-energie\/adhesions\/adhesion-spe-2025-2026<\/a><\/h4>\n<h4>Le QR:\u00a0 <img loading=\"lazy\" decoding=\"async\" class=\"alignnone size-medium wp-image-3250\" src=\"https:\/\/www.stretching-qi-gong-tournefeuille.fr\/wp-content\/uploads\/2025\/05\/qrcode-300x300.png\" alt=\"\" width=\"300\" height=\"300\" srcset=\"https:\/\/www.stretching-qi-gong-tournefeuille.fr\/wp-content\/uploads\/2025\/05\/qrcode-300x300.png 300w, https:\/\/www.stretching-qi-gong-tournefeuille.fr\/wp-content\/uploads\/2025\/05\/qrcode-150x150.png 150w, https:\/\/www.stretching-qi-gong-tournefeuille.fr\/wp-content\/uploads\/2025\/05\/qrcode.png 600w\" sizes=\"auto, (max-width: 300px) 100vw, 300px\" \/><\/h4>\n<h4><\/h4>\n<h4>-Le paiement en cours de saison au prorata temporis avec HelloAsso:<\/h4>\n<h4>la r\u00e8gle du prorata temporis s&rsquo; applique.Tout mois commenc\u00e9 sera compt\u00e9:<\/h4>\n<h4>(Cotisation saison \/ 10) x (mois restant dans la saison)<\/h4>\n<h4><a href=\"https:\/\/www.helloasso.com\/associations\/stretching-postures-energie\/adhesions\/cotisation-libre-2025-2026-spe\">https:\/\/www.helloasso.com\/associations\/stretching-postures-energie\/adhesions\/cotisation-libre-2025-2026-spe<\/a><\/h4>\n<p>&nbsp;<\/p>\n<p>&nbsp;<\/p>\n<h4>Le QR:\u00a0 \u00a0<img loading=\"lazy\" decoding=\"async\" class=\"alignnone size-medium wp-image-3400\" src=\"https:\/\/www.stretching-qi-gong-tournefeuille.fr\/wp-content\/uploads\/2025\/12\/qrcode-300x300.png\" alt=\"\" width=\"300\" height=\"300\" srcset=\"https:\/\/www.stretching-qi-gong-tournefeuille.fr\/wp-content\/uploads\/2025\/12\/qrcode-300x300.png 300w, https:\/\/www.stretching-qi-gong-tournefeuille.fr\/wp-content\/uploads\/2025\/12\/qrcode-150x150.png 150w, https:\/\/www.stretching-qi-gong-tournefeuille.fr\/wp-content\/uploads\/2025\/12\/qrcode.png 600w\" sizes=\"auto, (max-width: 300px) 100vw, 300px\" \/><\/h4>\n<h4><\/h4>\n<p>&nbsp;<\/p>\n<h4><\/h4>\n<h4><\/h4>\n<h4><\/h4>\n","protected":false},"excerpt":{"rendered":"<p>NB: La cotisation en cours d&rsquo;ann\u00e9e se fait au prorata des mois restant. Tout mois commenc\u00e9 sera compt\u00e9. Divers mode de r\u00e8glement de la cotisation: 1) Paiement en une fois: -Virement bancaire notre RIB : \u00a0 \u00a0 \u00a0FR76 1027 8022 1900 0207 0430 131 &#8211; Paiement en ligne (HelloAsso PayAsso), ou avec un ch\u00e8que. &nbsp; [&hellip;]<\/p>\n","protected":false},"author":1,"featured_media":0,"parent":0,"menu_order":0,"comment_status":"closed","ping_status":"closed","template":"","meta":{"site-sidebar-layout":"default","site-content-layout":"","ast-site-content-layout":"default","site-content-style":"default","site-sidebar-style":"default","ast-global-header-display":"","ast-banner-title-visibility":"","ast-main-header-display":"","ast-hfb-above-header-display":"","ast-hfb-below-header-display":"","ast-hfb-mobile-header-display":"","site-post-title":"","ast-breadcrumbs-content":"","ast-featured-img":"","footer-sml-layout":"","ast-disable-related-posts":"","theme-transparent-header-meta":"default","adv-header-id-meta":"","stick-header-meta":"","header-above-stick-meta":"","header-main-stick-meta":"","header-below-stick-meta":"","astra-migrate-meta-layouts":"set","ast-page-background-enabled":"default","ast-page-background-meta":{"desktop":{"background-color":"","background-image":"","background-repeat":"repeat","background-position":"center center","background-size":"auto","background-attachment":"scroll","background-type":"","background-media":"","overlay-type":"","overlay-color":"","overlay-opacity":"","overlay-gradient":""},"tablet":{"background-color":"","background-image":"","background-repeat":"repeat","background-position":"center center","background-size":"auto","background-attachment":"scroll","background-type":"","background-media":"","overlay-type":"","overlay-color":"","overlay-opacity":"","overlay-gradient":""},"mobile":{"background-color":"","background-image":"","background-repeat":"repeat","background-position":"center center","background-size":"auto","background-attachment":"scroll","background-type":"","background-media":"","overlay-type":"","overlay-color":"","overlay-opacity":"","overlay-gradient":""}},"ast-content-background-meta":{"desktop":{"background-color":"var(--ast-global-color-5)","background-image":"","background-repeat":"repeat","background-position":"center center","background-size":"auto","background-attachment":"scroll","background-type":"","background-media":"","overlay-type":"","overlay-color":"","overlay-opacity":"","overlay-gradient":""},"tablet":{"background-color":"var(--ast-global-color-5)","background-image":"","background-repeat":"repeat","background-position":"center center","background-size":"auto","background-attachment":"scroll","background-type":"","background-media":"","overlay-type":"","overlay-color":"","overlay-opacity":"","overlay-gradient":""},"mobile":{"background-color":"var(--ast-global-color-5)","background-image":"","background-repeat":"repeat","background-position":"center center","background-size":"auto","background-attachment":"scroll","background-type":"","background-media":"","overlay-type":"","overlay-color":"","overlay-opacity":"","overlay-gradient":""}},"footnotes":""},"class_list":["post-3425","page","type-page","status-publish","hentry"],"_links":{"self":[{"href":"https:\/\/www.stretching-qi-gong-tournefeuille.fr\/index.php\/wp-json\/wp\/v2\/pages\/3425","targetHints":{"allow":["GET"]}}],"collection":[{"href":"https:\/\/www.stretching-qi-gong-tournefeuille.fr\/index.php\/wp-json\/wp\/v2\/pages"}],"about":[{"href":"https:\/\/www.stretching-qi-gong-tournefeuille.fr\/index.php\/wp-json\/wp\/v2\/types\/page"}],"author":[{"embeddable":true,"href":"https:\/\/www.stretching-qi-gong-tournefeuille.fr\/index.php\/wp-json\/wp\/v2\/users\/1"}],"replies":[{"embeddable":true,"href":"https:\/\/www.stretching-qi-gong-tournefeuille.fr\/index.php\/wp-json\/wp\/v2\/comments?post=3425"}],"version-history":[{"count":0,"href":"https:\/\/www.stretching-qi-gong-tournefeuille.fr\/index.php\/wp-json\/wp\/v2\/pages\/3425\/revisions"}],"wp:attachment":[{"href":"https:\/\/www.stretching-qi-gong-tournefeuille.fr\/index.php\/wp-json\/wp\/v2\/media?parent=3425"}],"curies":[{"name":"wp","href":"https:\/\/api.w.org\/{rel}","templated":true}]}}